{"id":691,"date":"2013-01-16T21:58:41","date_gmt":"2013-01-16T19:58:41","guid":{"rendered":"http:\/\/www.esjo.fr\/?page_id=691"},"modified":"2026-01-13T11:53:25","modified_gmt":"2026-01-13T10:53:25","slug":"inscriptions-rentree-2013","status":"publish","type":"page","link":"http:\/\/www.esjo.fr\/?page_id=691","title":{"rendered":"Inscriptions rentr\u00e9e de septembre 2026"},"content":{"rendered":"<p style=\"text-align: left;\"><span style=\"color: #000080;\">Votre enfant est \u00e2g\u00e9 de 2 \u00e0 10 ans ?<\/span><br \/>\n<span style=\"color: #000080;\">Venez d\u00e9couvrir notre \u00e9cole pour y inscrire votre enfant.<\/span><\/p>\n<h4><strong><span style=\"color: #000080;\">Les <\/span><\/strong><span style=\"color: #000080;\">portes ouvertes&nbsp; <\/span><strong><span style=\"color: #000080;\">auront lieu le <\/span><\/strong><span style=\"color: #000080;\">samedi 31 janvier 2026 <\/span><strong><span style=\"color: #000080;\">de 9h30 \u00e0 12h. Sont pr\u00e9vus notamment la visite de l&rsquo;\u00e9cole, la rencontre de parents, des associations.&nbsp;<\/span><\/strong><\/h4>\n<p><span style=\"color: #000080;\">Lors du rendez-vous d\u2019accueil, vous seront pr\u00e9sent\u00e9s l&rsquo;organisation de l&rsquo;\u00e9cole, nos projets \u00e0 l\u2019\u00e9cole Saint Joseph.<\/span><\/p>\n<p><span style=\"color: #000080;\">Pour convenir d\u2019une date de rendez-vous, contactez-nous&nbsp;<\/span><br \/>\n<span style=\"color: #000080;\">au 02.40.83.61.25 ou par courriel : <a style=\"color: #000080;\" title=\"Mail Direction\" href=\"mailto:direction@esjo.fr\">direction@esjo.fr<\/a><\/span><\/p>\n<p><span style=\"color: #000080;\">Le carnet de sant\u00e9 et le livret de famille sont \u00e0 pr\u00e9voir pour l\u2019inscription.<\/span><br \/>\n<span style=\"color: #000080;\">Merci beaucoup !<\/span><\/p>\n<p style=\"text-align: left;\"><span style=\"color: #000080;\">Christine BOUE,<\/span><\/p>\n<p style=\"text-align: left;\"><span style=\"color: #000080;\">Cheffe d\u2019Etablissement<\/span><\/p>\n<p>&nbsp;<\/p>\n","protected":false},"excerpt":{"rendered":"<p>Votre enfant est \u00e2g\u00e9 de 2 \u00e0 10 ans ? Venez d\u00e9couvrir notre \u00e9cole pour y inscrire votre enfant. Les portes ouvertes&nbsp; auront lieu le samedi 31 janvier 2026 de 9h30 \u00e0 12h. Sont pr\u00e9vus notamment la visite de l&rsquo;\u00e9cole, la rencontre de parents, des associations.&nbsp; Lors du rendez-vous d\u2019accueil, vous seront pr\u00e9sent\u00e9s l&rsquo;organisation de&hellip; <br \/> <a class=\"read-more\" href=\"http:\/\/www.esjo.fr\/?page_id=691\">Lire la suite<\/a><\/p>\n","protected":false},"author":4,"featured_media":0,"parent":0,"menu_order":0,"comment_status":"closed","ping_status":"closed","template":"","meta":{"_monsterinsights_skip_tracking":false,"_monsterinsights_sitenote_active":false,"_monsterinsights_sitenote_note":"","_monsterinsights_sitenote_category":0,"ngg_post_thumbnail":0,"footnotes":""},"class_list":["post-691","page","type-page","status-publish","hentry"],"_links":{"self":[{"href":"http:\/\/www.esjo.fr\/index.php?rest_route=\/wp\/v2\/pages\/691","targetHints":{"allow":["GET"]}}],"collection":[{"href":"http:\/\/www.esjo.fr\/index.php?rest_route=\/wp\/v2\/pages"}],"about":[{"href":"http:\/\/www.esjo.fr\/index.php?rest_route=\/wp\/v2\/types\/page"}],"author":[{"embeddable":true,"href":"http:\/\/www.esjo.fr\/index.php?rest_route=\/wp\/v2\/users\/4"}],"replies":[{"embeddable":true,"href":"http:\/\/www.esjo.fr\/index.php?rest_route=%2Fwp%2Fv2%2Fcomments&post=691"}],"version-history":[{"count":27,"href":"http:\/\/www.esjo.fr\/index.php?rest_route=\/wp\/v2\/pages\/691\/revisions"}],"predecessor-version":[{"id":4734,"href":"http:\/\/www.esjo.fr\/index.php?rest_route=\/wp\/v2\/pages\/691\/revisions\/4734"}],"wp:attachment":[{"href":"http:\/\/www.esjo.fr\/index.php?rest_route=%2Fwp%2Fv2%2Fmedia&parent=691"}],"curies":[{"name":"wp","href":"https:\/\/api.w.org\/{rel}","templated":true}]}}